{"id":184,"date":"2020-01-23T15:16:10","date_gmt":"2020-01-23T15:16:10","guid":{"rendered":"http:\/\/www.hasev.org.tr\/?page_id=184"},"modified":"2024-03-01T19:21:25","modified_gmt":"2024-03-01T19:21:25","slug":"2020-yili-faaliyetlerimiz","status":"publish","type":"page","link":"https:\/\/www.hasev.org.tr\/?page_id=184","title":{"rendered":"2020 Y\u0131l\u0131 Faaliyetlerimiz"},"content":{"rendered":"\n<div class=\"wp-block-media-text alignwide is-stacked-on-mobile\"><figure class=\"wp-block-media-text__media\"><video controls src=\"http:\/\/www.hasev.org.tr\/wp-content\/uploads\/2022\/06\/Idlib-2020.mp4\"><\/video><\/figure><div class=\"wp-block-media-text__content\">\n<p>18-19 Ocak 2020 tarihlerinde T\u00fcrkiye-Suriye s\u0131n\u0131r b\u00f6lgesinde ihtiya\u00e7 sahiplerine battaniye, g\u0131da ve \u00e7ocuk paketi da\u011f\u0131t\u0131m\u0131 ger\u00e7ekle\u015ftirildi.<\/p>\n<\/div><\/div>\n\n\n\n<p><\/p>\n","protected":false},"excerpt":{"rendered":"<p>18-19 Ocak 2020 tarihlerinde T\u00fcrkiye-Suriye s\u0131n\u0131r b\u00f6lgesinde ihtiya\u00e7 sahiplerine battaniye, g\u0131da ve \u00e7ocuk paketi da\u011f\u0131t\u0131m\u0131 ger\u00e7ekle\u015ftirildi.<\/p>\n","protected":false},"author":2,"featured_media":34,"parent":0,"menu_order":0,"comment_status":"closed","ping_status":"closed","template":"","meta":{"footnotes":""},"_links":{"self":[{"href":"https:\/\/www.hasev.org.tr\/index.php?rest_route=\/wp\/v2\/pages\/184"}],"collection":[{"href":"https:\/\/www.hasev.org.tr\/index.php?rest_route=\/wp\/v2\/pages"}],"about":[{"href":"https:\/\/www.hasev.org.tr\/index.php?rest_route=\/wp\/v2\/types\/page"}],"author":[{"embeddable":true,"href":"https:\/\/www.hasev.org.tr\/index.php?rest_route=\/wp\/v2\/users\/2"}],"replies":[{"embeddable":true,"href":"https:\/\/www.hasev.org.tr\/index.php?rest_route=%2Fwp%2Fv2%2Fcomments&post=184"}],"version-history":[{"count":6,"href":"https:\/\/www.hasev.org.tr\/index.php?rest_route=\/wp\/v2\/pages\/184\/revisions"}],"predecessor-version":[{"id":215,"href":"https:\/\/www.hasev.org.tr\/index.php?rest_route=\/wp\/v2\/pages\/184\/revisions\/215"}],"wp:featuredmedia":[{"embeddable":true,"href":"https:\/\/www.hasev.org.tr\/index.php?rest_route=\/wp\/v2\/media\/34"}],"wp:attachment":[{"href":"https:\/\/www.hasev.org.tr\/index.php?rest_route=%2Fwp%2Fv2%2Fmedia&parent=184"}],"curies":[{"name":"wp","href":"https:\/\/api.w.org\/{rel}","templated":true}]}}