{"id":2,"date":"2019-03-12T12:11:37","date_gmt":"2019-03-12T12:11:37","guid":{"rendered":"http:\/\/www.hasev.org.tr\/?page_id=2"},"modified":"2022-07-04T19:41:32","modified_gmt":"2022-07-04T19:41:32","slug":"about","status":"publish","type":"page","link":"https:\/\/www.hasev.org.tr\/?page_id=2","title":{"rendered":"Hakk\u0131m\u0131zda"},"content":{"rendered":"\n<p>Hay\u0131r Hasenat ve E\u011fitim Vakf\u0131 (HASEV), 2019 y\u0131l\u0131 Ocak ay\u0131nda Kadri Koca ba\u015fkanl\u0131\u011f\u0131nda kurulmu\u015f ve faaliyetlerine ba\u015flam\u0131\u015ft\u0131r. <br>Kurucular ve Y\u00f6netim Kurulu \u00fcyeleri:<br>Kadri KOCA<br>\u0130hsan Sabri KOCA<br>Mahir \u015eAFAK<br>Merve KOCA<br>Hasan KOCA<br>Melek KORKMAZ <\/p>\n","protected":false},"excerpt":{"rendered":"<p>Hay\u0131r Hasenat ve E\u011fitim Vakf\u0131 (HASEV), 2019 y\u0131l\u0131 Ocak ay\u0131nda Kadri Koca ba\u015fkanl\u0131\u011f\u0131nda kurulmu\u015f ve faaliyetlerine ba\u015flam\u0131\u015ft\u0131r. Kurucular ve Y\u00f6netim Kurulu \u00fcyeleri:Kadri KOCA\u0130hsan Sabri KOCAMahir \u015eAFAKMerve KOCAHasan KOCAMelek KORKMAZ<\/p>\n","protected":false},"author":1,"featured_media":34,"parent":0,"menu_order":1,"comment_status":"closed","ping_status":"open","template":"","meta":{"footnotes":""},"_links":{"self":[{"href":"https:\/\/www.hasev.org.tr\/index.php?rest_route=\/wp\/v2\/pages\/2"}],"collection":[{"href":"https:\/\/www.hasev.org.tr\/index.php?rest_route=\/wp\/v2\/pages"}],"about":[{"href":"https:\/\/www.hasev.org.tr\/index.php?rest_route=\/wp\/v2\/types\/page"}],"author":[{"embeddable":true,"href":"https:\/\/www.hasev.org.tr\/index.php?rest_route=\/wp\/v2\/users\/1"}],"replies":[{"embeddable":true,"href":"https:\/\/www.hasev.org.tr\/index.php?rest_route=%2Fwp%2Fv2%2Fcomments&post=2"}],"version-history":[{"count":4,"href":"https:\/\/www.hasev.org.tr\/index.php?rest_route=\/wp\/v2\/pages\/2\/revisions"}],"predecessor-version":[{"id":242,"href":"https:\/\/www.hasev.org.tr\/index.php?rest_route=\/wp\/v2\/pages\/2\/revisions\/242"}],"wp:featuredmedia":[{"embeddable":true,"href":"https:\/\/www.hasev.org.tr\/index.php?rest_route=\/wp\/v2\/media\/34"}],"wp:attachment":[{"href":"https:\/\/www.hasev.org.tr\/index.php?rest_route=%2Fwp%2Fv2%2Fmedia&parent=2"}],"curies":[{"name":"wp","href":"https:\/\/api.w.org\/{rel}","templated":true}]}}