{"id":224,"date":"2022-06-15T20:14:37","date_gmt":"2022-06-15T20:14:37","guid":{"rendered":"http:\/\/www.hasev.org.tr\/?page_id=224"},"modified":"2022-06-15T21:15:15","modified_gmt":"2022-06-15T21:15:15","slug":"2021-yili-faaliyetlerimiz","status":"publish","type":"page","link":"https:\/\/www.hasev.org.tr\/?page_id=224","title":{"rendered":"2021 Y\u0131l\u0131 Faaliyetlerimiz"},"content":{"rendered":"\n<div class=\"wp-block-media-text alignwide is-stacked-on-mobile\"><figure class=\"wp-block-media-text__media\"><img loading=\"lazy\" decoding=\"async\" width=\"1024\" height=\"768\" src=\"http:\/\/www.hasev.org.tr\/wp-content\/uploads\/2022\/06\/Nijer-2021.jpeg\" alt=\"\" class=\"wp-image-229 size-full\" srcset=\"https:\/\/www.hasev.org.tr\/wp-content\/uploads\/2022\/06\/Nijer-2021.jpeg 1024w, https:\/\/www.hasev.org.tr\/wp-content\/uploads\/2022\/06\/Nijer-2021-300x225.jpeg 300w, https:\/\/www.hasev.org.tr\/wp-content\/uploads\/2022\/06\/Nijer-2021-768x576.jpeg 768w\" sizes=\"(max-width: 1024px) 100vw, 1024px\" \/><\/figure><div class=\"wp-block-media-text__content\">\n<p class=\"has-normal-font-size\">2021 Aral\u0131k ay\u0131nda Nijer&#8217;de ailelere zekat ve ke\u00e7i da\u011f\u0131t\u0131m\u0131 yap\u0131ld\u0131.<\/p>\n<\/div><\/div>\n\n\n\n<div class=\"wp-block-media-text alignwide is-stacked-on-mobile\"><figure class=\"wp-block-media-text__media\"><img loading=\"lazy\" decoding=\"async\" width=\"1024\" height=\"768\" src=\"http:\/\/www.hasev.org.tr\/wp-content\/uploads\/2022\/06\/Idlib-2021.jpeg\" alt=\"\" class=\"wp-image-232 size-full\" srcset=\"https:\/\/www.hasev.org.tr\/wp-content\/uploads\/2022\/06\/Idlib-2021.jpeg 1024w, https:\/\/www.hasev.org.tr\/wp-content\/uploads\/2022\/06\/Idlib-2021-300x225.jpeg 300w, https:\/\/www.hasev.org.tr\/wp-content\/uploads\/2022\/06\/Idlib-2021-768x576.jpeg 768w\" sizes=\"(max-width: 1024px) 100vw, 1024px\" \/><\/figure><div class=\"wp-block-media-text__content\">\n<p class=\"has-normal-font-size\">3 Nisan 2021&#8217;de \u0130dlip&#8217;te zekat da\u011f\u0131t\u0131m\u0131 ger\u00e7ekle\u015fti.<\/p>\n<\/div><\/div>\n","protected":false},"excerpt":{"rendered":"<p>2021 Aral\u0131k ay\u0131nda Nijer&#8217;de ailelere zekat ve ke\u00e7i da\u011f\u0131t\u0131m\u0131 yap\u0131ld\u0131. 3 Nisan 2021&#8217;de \u0130dlip&#8217;te zekat da\u011f\u0131t\u0131m\u0131 ger\u00e7ekle\u015fti.<\/p>\n","protected":false},"author":2,"featured_media":5,"parent":0,"menu_order":0,"comment_status":"closed","ping_status":"closed","template":"","meta":{"footnotes":""},"_links":{"self":[{"href":"https:\/\/www.hasev.org.tr\/index.php?rest_route=\/wp\/v2\/pages\/224"}],"collection":[{"href":"https:\/\/www.hasev.org.tr\/index.php?rest_route=\/wp\/v2\/pages"}],"about":[{"href":"https:\/\/www.hasev.org.tr\/index.php?rest_route=\/wp\/v2\/types\/page"}],"author":[{"embeddable":true,"href":"https:\/\/www.hasev.org.tr\/index.php?rest_route=\/wp\/v2\/users\/2"}],"replies":[{"embeddable":true,"href":"https:\/\/www.hasev.org.tr\/index.php?rest_route=%2Fwp%2Fv2%2Fcomments&post=224"}],"version-history":[{"count":4,"href":"https:\/\/www.hasev.org.tr\/index.php?rest_route=\/wp\/v2\/pages\/224\/revisions"}],"predecessor-version":[{"id":233,"href":"https:\/\/www.hasev.org.tr\/index.php?rest_route=\/wp\/v2\/pages\/224\/revisions\/233"}],"wp:featuredmedia":[{"embeddable":true,"href":"https:\/\/www.hasev.org.tr\/index.php?rest_route=\/wp\/v2\/media\/5"}],"wp:attachment":[{"href":"https:\/\/www.hasev.org.tr\/index.php?rest_route=%2Fwp%2Fv2%2Fmedia&parent=224"}],"curies":[{"name":"wp","href":"https:\/\/api.w.org\/{rel}","templated":true}]}}