{"id":250,"date":"2023-03-21T22:18:10","date_gmt":"2023-03-21T22:18:10","guid":{"rendered":"https:\/\/www.hasev.org.tr\/?page_id=250"},"modified":"2024-03-01T19:22:56","modified_gmt":"2024-03-01T19:22:56","slug":"2022-yili-faaliyetlerimiz","status":"publish","type":"page","link":"https:\/\/www.hasev.org.tr\/?page_id=250","title":{"rendered":"2022 Y\u0131l\u0131 Faaliyetlerimiz"},"content":{"rendered":"\n<p class=\"has-text-align-right\"><\/p>\n\n\n\n<div class=\"wp-block-group alignwide is-layout-flow wp-block-group-is-layout-flow\"><div class=\"wp-block-group__inner-container\">\n<div class=\"wp-block-media-text alignwide is-stacked-on-mobile\" style=\"grid-template-columns:38% auto\"><figure class=\"wp-block-media-text__media\"><img loading=\"lazy\" decoding=\"async\" width=\"1008\" height=\"756\" src=\"https:\/\/www.hasev.org.tr\/wp-content\/uploads\/2023\/03\/WhatsApp-Image-2023-03-19-at-14.12.36.jpeg\" alt=\"\" class=\"wp-image-251 size-full\" srcset=\"https:\/\/www.hasev.org.tr\/wp-content\/uploads\/2023\/03\/WhatsApp-Image-2023-03-19-at-14.12.36.jpeg 1008w, https:\/\/www.hasev.org.tr\/wp-content\/uploads\/2023\/03\/WhatsApp-Image-2023-03-19-at-14.12.36-300x225.jpeg 300w, https:\/\/www.hasev.org.tr\/wp-content\/uploads\/2023\/03\/WhatsApp-Image-2023-03-19-at-14.12.36-768x576.jpeg 768w\" sizes=\"(max-width: 1008px) 100vw, 1008px\" \/><\/figure><div class=\"wp-block-media-text__content\">\n<ul>\n<li>\u0130nsan Vakf\u0131 ile yapt\u0131\u011f\u0131m\u0131z i\u015fbirli\u011fi neticesinde 7 Nisan 2022&#8217;de Afganistan&#8217;da temeli at\u0131lan Zehra \u0130lk Okulumuzun 28 Haziran 2022&#8217;de a\u00e7\u0131l\u0131\u015f\u0131n\u0131 ger\u00e7ekle\u015ftirdik.<\/li>\n<\/ul>\n\n\n\n<figure class=\"wp-block-gallery has-nested-images columns-default is-cropped wp-block-gallery-1 is-layout-flex wp-block-gallery-is-layout-flex\">\n<figure class=\"wp-block-image size-medium\"><img loading=\"lazy\" decoding=\"async\" width=\"300\" height=\"169\" src=\"https:\/\/www.hasev.org.tr\/wp-content\/uploads\/2023\/03\/WhatsApp-Image-2023-03-19-at-14.13.55-300x169.jpeg\" alt=\"\" class=\"wp-image-252\" srcset=\"https:\/\/www.hasev.org.tr\/wp-content\/uploads\/2023\/03\/WhatsApp-Image-2023-03-19-at-14.13.55-300x169.jpeg 300w, https:\/\/www.hasev.org.tr\/wp-content\/uploads\/2023\/03\/WhatsApp-Image-2023-03-19-at-14.13.55-768x432.jpeg 768w, https:\/\/www.hasev.org.tr\/wp-content\/uploads\/2023\/03\/WhatsApp-Image-2023-03-19-at-14.13.55.jpeg 880w\" sizes=\"(max-width: 300px) 100vw, 300px\" \/><\/figure>\n<\/figure>\n<\/div><\/div>\n<\/div><\/div>\n\n\n\n<div class=\"wp-block-media-text alignwide is-stacked-on-mobile\"><figure class=\"wp-block-media-text__media\"><video controls src=\"https:\/\/www.hasev.org.tr\/wp-content\/uploads\/2022\/06\/Idlib-17-05-2022.mp4\"><\/video><\/figure><div class=\"wp-block-media-text__content\">\n<ul>\n<li>17 May\u0131s 2022&#8217;de \u0130dlip&#8217;te erzak da\u011f\u0131t\u0131m\u0131 ger\u00e7ekle\u015ftirdik.<\/li>\n<\/ul>\n<\/div><\/div>\n\n\n\n<div class=\"wp-block-media-text alignwide is-stacked-on-mobile\"><figure class=\"wp-block-media-text__media\"><img loading=\"lazy\" decoding=\"async\" width=\"1024\" height=\"768\" src=\"https:\/\/www.hasev.org.tr\/wp-content\/uploads\/2022\/06\/Gana-1.jpeg\" alt=\"\" class=\"wp-image-216 size-full\" srcset=\"https:\/\/www.hasev.org.tr\/wp-content\/uploads\/2022\/06\/Gana-1.jpeg 1024w, https:\/\/www.hasev.org.tr\/wp-content\/uploads\/2022\/06\/Gana-1-300x225.jpeg 300w, https:\/\/www.hasev.org.tr\/wp-content\/uploads\/2022\/06\/Gana-1-768x576.jpeg 768w\" sizes=\"(max-width: 1024px) 100vw, 1024px\" \/><\/figure><div class=\"wp-block-media-text__content\">\n<ul>\n<li>22 May\u0131s 2022\u2019de Gana\u2019n\u0131n Katamanso b\u00f6lgesinde yetimlerin de oldu\u011fu okul ziyaretinde bulunduk ve ilave okul in\u015faat\u0131na destek verdik.<\/li>\n<\/ul>\n\n\n\n<figure class=\"wp-block-gallery has-nested-images columns-default is-cropped wp-block-gallery-2 is-layout-flex wp-block-gallery-is-layout-flex\">\n<figure class=\"wp-block-image size-large\"><img loading=\"lazy\" decoding=\"async\" width=\"1024\" height=\"484\" src=\"https:\/\/www.hasev.org.tr\/wp-content\/uploads\/2022\/06\/Gana-5.jpeg\" alt=\"\" class=\"wp-image-221\" srcset=\"https:\/\/www.hasev.org.tr\/wp-content\/uploads\/2022\/06\/Gana-5.jpeg 1024w, https:\/\/www.hasev.org.tr\/wp-content\/uploads\/2022\/06\/Gana-5-300x142.jpeg 300w, https:\/\/www.hasev.org.tr\/wp-content\/uploads\/2022\/06\/Gana-5-768x363.jpeg 768w\" sizes=\"(max-width: 1024px) 100vw, 1024px\" \/><\/figure>\n\n\n\n<figure class=\"wp-block-image size-large\"><img loading=\"lazy\" decoding=\"async\" width=\"1024\" height=\"484\" src=\"https:\/\/www.hasev.org.tr\/wp-content\/uploads\/2022\/06\/Gana-3.jpeg\" alt=\"\" class=\"wp-image-219\" srcset=\"https:\/\/www.hasev.org.tr\/wp-content\/uploads\/2022\/06\/Gana-3.jpeg 1024w, https:\/\/www.hasev.org.tr\/wp-content\/uploads\/2022\/06\/Gana-3-300x142.jpeg 300w, https:\/\/www.hasev.org.tr\/wp-content\/uploads\/2022\/06\/Gana-3-768x363.jpeg 768w\" sizes=\"(max-width: 1024px) 100vw, 1024px\" \/><\/figure>\n\n\n\n<figure class=\"wp-block-image size-large\"><img loading=\"lazy\" decoding=\"async\" width=\"1024\" height=\"485\" src=\"https:\/\/www.hasev.org.tr\/wp-content\/uploads\/2022\/06\/Gana-4.jpeg\" alt=\"\" class=\"wp-image-220\" srcset=\"https:\/\/www.hasev.org.tr\/wp-content\/uploads\/2022\/06\/Gana-4.jpeg 1024w, https:\/\/www.hasev.org.tr\/wp-content\/uploads\/2022\/06\/Gana-4-300x142.jpeg 300w, https:\/\/www.hasev.org.tr\/wp-content\/uploads\/2022\/06\/Gana-4-768x364.jpeg 768w\" sizes=\"(max-width: 1024px) 100vw, 1024px\" \/><\/figure>\n\n\n\n<figure class=\"wp-block-image size-large\"><img loading=\"lazy\" decoding=\"async\" width=\"1024\" height=\"484\" src=\"https:\/\/www.hasev.org.tr\/wp-content\/uploads\/2022\/06\/Gana-2.jpeg\" alt=\"\" class=\"wp-image-218\" srcset=\"https:\/\/www.hasev.org.tr\/wp-content\/uploads\/2022\/06\/Gana-2.jpeg 1024w, https:\/\/www.hasev.org.tr\/wp-content\/uploads\/2022\/06\/Gana-2-300x142.jpeg 300w, https:\/\/www.hasev.org.tr\/wp-content\/uploads\/2022\/06\/Gana-2-768x363.jpeg 768w\" sizes=\"(max-width: 1024px) 100vw, 1024px\" \/><\/figure>\n<\/figure>\n<\/div><\/div>\n\n\n\n<div class=\"wp-block-media-text alignwide is-stacked-on-mobile\"><figure class=\"wp-block-media-text__media\"><video controls src=\"https:\/\/www.hasev.org.tr\/wp-content\/uploads\/2023\/12\/WhatsApp-Video-2023-12-22-at-17.44.43.mp4\"><\/video><\/figure><div class=\"wp-block-media-text__content\">\n<ul>\n<li>A\u011fustos 2022&#8217;de Afganistan&#8217;da zekat da\u011f\u0131t\u0131m\u0131 ger\u00e7ekle\u015ftirdik.<\/li>\n<\/ul>\n\n\n\n<figure class=\"wp-block-gallery has-nested-images columns-default is-cropped wp-block-gallery-3 is-layout-flex wp-block-gallery-is-layout-flex\">\n<figure class=\"wp-block-image size-full\"><img loading=\"lazy\" decoding=\"async\" width=\"1024\" height=\"768\" src=\"https:\/\/www.hasev.org.tr\/wp-content\/uploads\/2023\/12\/WhatsApp-Image-2023-12-22-at-17.44.29-1.jpeg\" alt=\"\" class=\"wp-image-281\" srcset=\"https:\/\/www.hasev.org.tr\/wp-content\/uploads\/2023\/12\/WhatsApp-Image-2023-12-22-at-17.44.29-1.jpeg 1024w, https:\/\/www.hasev.org.tr\/wp-content\/uploads\/2023\/12\/WhatsApp-Image-2023-12-22-at-17.44.29-1-300x225.jpeg 300w, https:\/\/www.hasev.org.tr\/wp-content\/uploads\/2023\/12\/WhatsApp-Image-2023-12-22-at-17.44.29-1-768x576.jpeg 768w\" sizes=\"(max-width: 1024px) 100vw, 1024px\" \/><\/figure>\n\n\n\n<figure class=\"wp-block-image size-full\"><img loading=\"lazy\" decoding=\"async\" width=\"1024\" height=\"768\" src=\"https:\/\/www.hasev.org.tr\/wp-content\/uploads\/2023\/12\/WhatsApp-Image-2023-12-22-at-17.44.34.jpeg\" alt=\"\" class=\"wp-image-279\" srcset=\"https:\/\/www.hasev.org.tr\/wp-content\/uploads\/2023\/12\/WhatsApp-Image-2023-12-22-at-17.44.34.jpeg 1024w, https:\/\/www.hasev.org.tr\/wp-content\/uploads\/2023\/12\/WhatsApp-Image-2023-12-22-at-17.44.34-300x225.jpeg 300w, https:\/\/www.hasev.org.tr\/wp-content\/uploads\/2023\/12\/WhatsApp-Image-2023-12-22-at-17.44.34-768x576.jpeg 768w\" sizes=\"(max-width: 1024px) 100vw, 1024px\" \/><\/figure>\n\n\n\n<figure class=\"wp-block-image size-full\"><img loading=\"lazy\" decoding=\"async\" width=\"1024\" height=\"768\" src=\"https:\/\/www.hasev.org.tr\/wp-content\/uploads\/2023\/12\/WhatsApp-Image-2023-12-22-at-17.44.31.jpeg\" alt=\"\" class=\"wp-image-276\" srcset=\"https:\/\/www.hasev.org.tr\/wp-content\/uploads\/2023\/12\/WhatsApp-Image-2023-12-22-at-17.44.31.jpeg 1024w, https:\/\/www.hasev.org.tr\/wp-content\/uploads\/2023\/12\/WhatsApp-Image-2023-12-22-at-17.44.31-300x225.jpeg 300w, https:\/\/www.hasev.org.tr\/wp-content\/uploads\/2023\/12\/WhatsApp-Image-2023-12-22-at-17.44.31-768x576.jpeg 768w\" sizes=\"(max-width: 1024px) 100vw, 1024px\" \/><\/figure>\n\n\n\n<figure class=\"wp-block-image size-full\"><img loading=\"lazy\" decoding=\"async\" width=\"1024\" height=\"768\" src=\"https:\/\/www.hasev.org.tr\/wp-content\/uploads\/2023\/12\/WhatsApp-Image-2023-12-22-at-17.44.26.jpeg\" alt=\"\" class=\"wp-image-275\" srcset=\"https:\/\/www.hasev.org.tr\/wp-content\/uploads\/2023\/12\/WhatsApp-Image-2023-12-22-at-17.44.26.jpeg 1024w, https:\/\/www.hasev.org.tr\/wp-content\/uploads\/2023\/12\/WhatsApp-Image-2023-12-22-at-17.44.26-300x225.jpeg 300w, https:\/\/www.hasev.org.tr\/wp-content\/uploads\/2023\/12\/WhatsApp-Image-2023-12-22-at-17.44.26-768x576.jpeg 768w\" sizes=\"(max-width: 1024px) 100vw, 1024px\" \/><\/figure>\n<\/figure>\n<\/div><\/div>\n","protected":false},"excerpt":{"rendered":"","protected":false},"author":2,"featured_media":34,"parent":0,"menu_order":0,"comment_status":"closed","ping_status":"closed","template":"","meta":{"footnotes":""},"_links":{"self":[{"href":"https:\/\/www.hasev.org.tr\/index.php?rest_route=\/wp\/v2\/pages\/250"}],"collection":[{"href":"https:\/\/www.hasev.org.tr\/index.php?rest_route=\/wp\/v2\/pages"}],"about":[{"href":"https:\/\/www.hasev.org.tr\/index.php?rest_route=\/wp\/v2\/types\/page"}],"author":[{"embeddable":true,"href":"https:\/\/www.hasev.org.tr\/index.php?rest_route=\/wp\/v2\/users\/2"}],"replies":[{"embeddable":true,"href":"https:\/\/www.hasev.org.tr\/index.php?rest_route=%2Fwp%2Fv2%2Fcomments&post=250"}],"version-history":[{"count":8,"href":"https:\/\/www.hasev.org.tr\/index.php?rest_route=\/wp\/v2\/pages\/250\/revisions"}],"predecessor-version":[{"id":282,"href":"https:\/\/www.hasev.org.tr\/index.php?rest_route=\/wp\/v2\/pages\/250\/revisions\/282"}],"wp:featuredmedia":[{"embeddable":true,"href":"https:\/\/www.hasev.org.tr\/index.php?rest_route=\/wp\/v2\/media\/34"}],"wp:attachment":[{"href":"https:\/\/www.hasev.org.tr\/index.php?rest_route=%2Fwp%2Fv2%2Fmedia&parent=250"}],"curies":[{"name":"wp","href":"https:\/\/api.w.org\/{rel}","templated":true}]}}