{"id":313,"date":"2024-03-01T18:55:39","date_gmt":"2024-03-01T18:55:39","guid":{"rendered":"https:\/\/www.hasev.org.tr\/?page_id=313"},"modified":"2024-03-01T19:23:31","modified_gmt":"2024-03-01T19:23:31","slug":"2023-yili-faaliyetlerimiz","status":"publish","type":"page","link":"https:\/\/www.hasev.org.tr\/?page_id=313","title":{"rendered":"2023 Y\u0131l\u0131 Faaliyetlerimiz"},"content":{"rendered":"\n<div class=\"wp-block-media-text alignwide is-stacked-on-mobile\" style=\"grid-template-columns:47% auto\"><figure class=\"wp-block-media-text__media\"><img loading=\"lazy\" decoding=\"async\" width=\"990\" height=\"1024\" src=\"https:\/\/www.hasev.org.tr\/wp-content\/uploads\/2024\/03\/dekont1-990x1024.png\" alt=\"\" class=\"wp-image-314 size-full\" srcset=\"https:\/\/www.hasev.org.tr\/wp-content\/uploads\/2024\/03\/dekont1-990x1024.png 990w, https:\/\/www.hasev.org.tr\/wp-content\/uploads\/2024\/03\/dekont1-290x300.png 290w, https:\/\/www.hasev.org.tr\/wp-content\/uploads\/2024\/03\/dekont1-768x794.png 768w, https:\/\/www.hasev.org.tr\/wp-content\/uploads\/2024\/03\/dekont1.png 1297w\" sizes=\"(max-width: 990px) 100vw, 990px\" \/><\/figure><div class=\"wp-block-media-text__content\">\n<ul>\n<li>6 \u015eubat 2023 Kahramanmara\u015f depremi sonras\u0131 yap\u0131lan yard\u0131mlar kapsam\u0131nda, 9 \u015eubat ve 29 Nisan tarihlerinde AFAD&#8217;a toplam 150 bin \u20ba nakdi ba\u011f\u0131\u015f yap\u0131ld\u0131.<\/li>\n<\/ul>\n\n\n\n<figure class=\"wp-block-image size-full is-resized\"><img loading=\"lazy\" decoding=\"async\" width=\"1411\" height=\"1485\" src=\"https:\/\/www.hasev.org.tr\/wp-content\/uploads\/2024\/03\/dekont2.png\" alt=\"\" class=\"wp-image-315\" style=\"width:260px;height:auto\" srcset=\"https:\/\/www.hasev.org.tr\/wp-content\/uploads\/2024\/03\/dekont2.png 1411w, https:\/\/www.hasev.org.tr\/wp-content\/uploads\/2024\/03\/dekont2-285x300.png 285w, https:\/\/www.hasev.org.tr\/wp-content\/uploads\/2024\/03\/dekont2-973x1024.png 973w, https:\/\/www.hasev.org.tr\/wp-content\/uploads\/2024\/03\/dekont2-768x808.png 768w\" sizes=\"(max-width: 1411px) 100vw, 1411px\" \/><\/figure>\n<\/div><\/div>\n\n\n\n<div class=\"wp-block-media-text alignwide is-stacked-on-mobile\"><figure class=\"wp-block-media-text__media\"><video controls src=\"https:\/\/www.hasev.org.tr\/wp-content\/uploads\/2023\/12\/IMG_0-online-video-cutter.com_.mp4\"><\/video><\/figure><div class=\"wp-block-media-text__content\">\n<ul class=\"has-normal-font-size\">\n<li>Suriye \u0130dlib&#8217;de 42 m\u00b2, 2+1 \u015feklinde tasarlanm\u0131\u015f 50 adet briket ev yap\u0131ld\u0131 ve 50 ailenin yerle\u015fmesi sa\u011fland\u0131.<\/li>\n<\/ul>\n<\/div><\/div>\n\n\n\n<div class=\"wp-block-media-text alignwide is-stacked-on-mobile\"><figure class=\"wp-block-media-text__media\"><img loading=\"lazy\" decoding=\"async\" width=\"1024\" height=\"768\" src=\"https:\/\/www.hasev.org.tr\/wp-content\/uploads\/2023\/03\/WhatsApp-Image-2023-03-19-at-14.05.54.jpeg\" alt=\"\" class=\"wp-image-262 size-full\" srcset=\"https:\/\/www.hasev.org.tr\/wp-content\/uploads\/2023\/03\/WhatsApp-Image-2023-03-19-at-14.05.54.jpeg 1024w, https:\/\/www.hasev.org.tr\/wp-content\/uploads\/2023\/03\/WhatsApp-Image-2023-03-19-at-14.05.54-300x225.jpeg 300w, https:\/\/www.hasev.org.tr\/wp-content\/uploads\/2023\/03\/WhatsApp-Image-2023-03-19-at-14.05.54-768x576.jpeg 768w\" sizes=\"(max-width: 1024px) 100vw, 1024px\" \/><\/figure><div class=\"wp-block-media-text__content\">\n<ul>\n<li>12 Mart 2023&#8217;te Daruleytam Vakf\u0131 i\u015fbirli\u011fi ile Somali&#8217;de K\u0131z Kur&#8217;an Kursumuzun a\u00e7\u0131l\u0131\u015f\u0131 ger\u00e7ekle\u015fti.<\/li>\n<\/ul>\n\n\n\n<figure class=\"wp-block-image size-full\"><img loading=\"lazy\" decoding=\"async\" width=\"1024\" height=\"768\" src=\"https:\/\/www.hasev.org.tr\/wp-content\/uploads\/2023\/03\/WhatsApp-Image-2023-03-19-at-14.05.20.jpeg\" alt=\"\" class=\"wp-image-263\" srcset=\"https:\/\/www.hasev.org.tr\/wp-content\/uploads\/2023\/03\/WhatsApp-Image-2023-03-19-at-14.05.20.jpeg 1024w, https:\/\/www.hasev.org.tr\/wp-content\/uploads\/2023\/03\/WhatsApp-Image-2023-03-19-at-14.05.20-300x225.jpeg 300w, https:\/\/www.hasev.org.tr\/wp-content\/uploads\/2023\/03\/WhatsApp-Image-2023-03-19-at-14.05.20-768x576.jpeg 768w\" sizes=\"(max-width: 1024px) 100vw, 1024px\" \/><\/figure>\n<\/div><\/div>\n\n\n\n<div class=\"wp-block-media-text alignwide is-stacked-on-mobile\"><figure class=\"wp-block-media-text__media\"><img loading=\"lazy\" decoding=\"async\" width=\"1024\" height=\"768\" src=\"https:\/\/www.hasev.org.tr\/wp-content\/uploads\/2023\/03\/WhatsApp-Image-2023-03-19-at-14.04.11.jpeg\" alt=\"\" class=\"wp-image-260 size-full\" srcset=\"https:\/\/www.hasev.org.tr\/wp-content\/uploads\/2023\/03\/WhatsApp-Image-2023-03-19-at-14.04.11.jpeg 1024w, https:\/\/www.hasev.org.tr\/wp-content\/uploads\/2023\/03\/WhatsApp-Image-2023-03-19-at-14.04.11-300x225.jpeg 300w, https:\/\/www.hasev.org.tr\/wp-content\/uploads\/2023\/03\/WhatsApp-Image-2023-03-19-at-14.04.11-768x576.jpeg 768w\" sizes=\"(max-width: 1024px) 100vw, 1024px\" \/><\/figure><div class=\"wp-block-media-text__content\">\n<ul class=\"has-normal-font-size\">\n<li>13 Mart 2023&#8217;te Somali&#8217;nin Guriceel \u015fehrinde okulumuz hizmete a\u00e7\u0131ld\u0131. <\/li>\n<\/ul>\n<\/div><\/div>\n","protected":false},"excerpt":{"rendered":"","protected":false},"author":1,"featured_media":34,"parent":0,"menu_order":0,"comment_status":"closed","ping_status":"closed","template":"","meta":{"footnotes":""},"_links":{"self":[{"href":"https:\/\/www.hasev.org.tr\/index.php?rest_route=\/wp\/v2\/pages\/313"}],"collection":[{"href":"https:\/\/www.hasev.org.tr\/index.php?rest_route=\/wp\/v2\/pages"}],"about":[{"href":"https:\/\/www.hasev.org.tr\/index.php?rest_route=\/wp\/v2\/types\/page"}],"author":[{"embeddable":true,"href":"https:\/\/www.hasev.org.tr\/index.php?rest_route=\/wp\/v2\/users\/1"}],"replies":[{"embeddable":true,"href":"https:\/\/www.hasev.org.tr\/index.php?rest_route=%2Fwp%2Fv2%2Fcomments&post=313"}],"version-history":[{"count":1,"href":"https:\/\/www.hasev.org.tr\/index.php?rest_route=\/wp\/v2\/pages\/313\/revisions"}],"predecessor-version":[{"id":316,"href":"https:\/\/www.hasev.org.tr\/index.php?rest_route=\/wp\/v2\/pages\/313\/revisions\/316"}],"wp:featuredmedia":[{"embeddable":true,"href":"https:\/\/www.hasev.org.tr\/index.php?rest_route=\/wp\/v2\/media\/34"}],"wp:attachment":[{"href":"https:\/\/www.hasev.org.tr\/index.php?rest_route=%2Fwp%2Fv2%2Fmedia&parent=313"}],"curies":[{"name":"wp","href":"https:\/\/api.w.org\/{rel}","templated":true}]}}