{"id":355,"date":"2026-01-12T21:53:34","date_gmt":"2026-01-12T21:53:34","guid":{"rendered":"https:\/\/www.hasev.org.tr\/?page_id=355"},"modified":"2026-01-12T21:53:36","modified_gmt":"2026-01-12T21:53:36","slug":"2024-yili-faaliyetlerimiz","status":"publish","type":"page","link":"https:\/\/www.hasev.org.tr\/?page_id=355","title":{"rendered":"2024 Y\u0131l\u0131 Faaliyetlerimiz"},"content":{"rendered":"\n<ul>\n<div class=\"wp-block-media-text alignwide is-stacked-on-mobile\"><figure class=\"wp-block-media-text__media\"><img loading=\"lazy\" decoding=\"async\" width=\"812\" height=\"871\" src=\"https:\/\/www.hasev.org.tr\/wp-content\/uploads\/2024\/01\/WhatsApp-Image-2024-01-04-at-17.20.51.jpeg\" alt=\"\" class=\"wp-image-296 size-full\" srcset=\"https:\/\/www.hasev.org.tr\/wp-content\/uploads\/2024\/01\/WhatsApp-Image-2024-01-04-at-17.20.51.jpeg 812w, https:\/\/www.hasev.org.tr\/wp-content\/uploads\/2024\/01\/WhatsApp-Image-2024-01-04-at-17.20.51-280x300.jpeg 280w, https:\/\/www.hasev.org.tr\/wp-content\/uploads\/2024\/01\/WhatsApp-Image-2024-01-04-at-17.20.51-768x824.jpeg 768w\" sizes=\"(max-width: 812px) 100vw, 812px\" \/><\/figure><div class=\"wp-block-media-text__content\">\n<ul>\n<li>IHH ile vakf\u0131m\u0131z aras\u0131nda yard\u0131mla\u015fma protokol\u00fc imzaland\u0131. \u0130lk etapta 150 bin\u20ba Filistin acil yard\u0131m\u0131 yap\u0131ld\u0131.<\/li>\n<\/ul>\n\n\n\n<figure class=\"wp-block-image size-full\"><img loading=\"lazy\" decoding=\"async\" width=\"1024\" height=\"768\" src=\"https:\/\/www.hasev.org.tr\/wp-content\/uploads\/2024\/01\/WhatsApp-Image-2024-01-04-at-17.20.52-1.jpeg\" alt=\"\" class=\"wp-image-297\" srcset=\"https:\/\/www.hasev.org.tr\/wp-content\/uploads\/2024\/01\/WhatsApp-Image-2024-01-04-at-17.20.52-1.jpeg 1024w, https:\/\/www.hasev.org.tr\/wp-content\/uploads\/2024\/01\/WhatsApp-Image-2024-01-04-at-17.20.52-1-300x225.jpeg 300w, https:\/\/www.hasev.org.tr\/wp-content\/uploads\/2024\/01\/WhatsApp-Image-2024-01-04-at-17.20.52-1-768x576.jpeg 768w\" sizes=\"(max-width: 1024px) 100vw, 1024px\" \/><\/figure>\n<\/div><\/div>\n<\/ul>\n\n\n\n<div class=\"wp-block-media-text is-stacked-on-mobile\"><figure class=\"wp-block-media-text__media\"><video controls src=\"https:\/\/www.hasev.org.tr\/wp-content\/uploads\/2024\/01\/WhatsApp-Video-2024-01-19-at-19.19.20.mp4\"><\/video><\/figure><div class=\"wp-block-media-text__content\">\n<p>2024 Ocak ay\u0131nda Gazze\u2019ye yard\u0131m\u0131m\u0131z ula\u015ft\u0131 elhamd\u00fclillah.<\/p>\n<\/div><\/div>\n\n\n\n<div class=\"wp-block-media-text is-stacked-on-mobile\"><figure class=\"wp-block-media-text__media\"><img loading=\"lazy\" decoding=\"async\" width=\"768\" height=\"1024\" src=\"https:\/\/www.hasev.org.tr\/wp-content\/uploads\/2024\/02\/f1d3f92f-5659-4446-8679-d53f2b45a666-768x1024.jpg\" alt=\"\" class=\"wp-image-309 size-full\" srcset=\"https:\/\/www.hasev.org.tr\/wp-content\/uploads\/2024\/02\/f1d3f92f-5659-4446-8679-d53f2b45a666-768x1024.jpg 768w, https:\/\/www.hasev.org.tr\/wp-content\/uploads\/2024\/02\/f1d3f92f-5659-4446-8679-d53f2b45a666-225x300.jpg 225w, https:\/\/www.hasev.org.tr\/wp-content\/uploads\/2024\/02\/f1d3f92f-5659-4446-8679-d53f2b45a666-1152x1536.jpg 1152w, https:\/\/www.hasev.org.tr\/wp-content\/uploads\/2024\/02\/f1d3f92f-5659-4446-8679-d53f2b45a666.jpg 1200w\" sizes=\"(max-width: 768px) 100vw, 768px\" \/><\/figure><div class=\"wp-block-media-text__content\">\n<p>Suriye \u0130dlip b\u00f6lgesinde ekmek ve un olarak da\u011f\u0131t\u0131lmak \u00fczere 25 ton un b\u00f6lgeye g\u00f6nderildi.<\/p>\n<\/div><\/div>\n\n\n\n<figure class=\"wp-block-gallery has-nested-images columns-default is-cropped wp-block-gallery-1 is-layout-flex wp-block-gallery-is-layout-flex\">\n<figure class=\"wp-block-image size-large\"><img loading=\"lazy\" decoding=\"async\" width=\"1024\" height=\"768\" data-id=\"308\" src=\"https:\/\/www.hasev.org.tr\/wp-content\/uploads\/2024\/02\/fb890095-e74b-4218-ba16-dabaa5e926a8-2-1024x768.jpg\" alt=\"\" class=\"wp-image-308\" srcset=\"https:\/\/www.hasev.org.tr\/wp-content\/uploads\/2024\/02\/fb890095-e74b-4218-ba16-dabaa5e926a8-2-1024x768.jpg 1024w, https:\/\/www.hasev.org.tr\/wp-content\/uploads\/2024\/02\/fb890095-e74b-4218-ba16-dabaa5e926a8-2-300x225.jpg 300w, https:\/\/www.hasev.org.tr\/wp-content\/uploads\/2024\/02\/fb890095-e74b-4218-ba16-dabaa5e926a8-2-768x576.jpg 768w, https:\/\/www.hasev.org.tr\/wp-content\/uploads\/2024\/02\/fb890095-e74b-4218-ba16-dabaa5e926a8-2-1536x1152.jpg 1536w, https:\/\/www.hasev.org.tr\/wp-content\/uploads\/2024\/02\/fb890095-e74b-4218-ba16-dabaa5e926a8-2-1568x1176.jpg 1568w, https:\/\/www.hasev.org.tr\/wp-content\/uploads\/2024\/02\/fb890095-e74b-4218-ba16-dabaa5e926a8-2.jpg 1600w\" sizes=\"(max-width: 1024px) 100vw, 1024px\" \/><\/figure>\n\n\n\n<figure class=\"wp-block-image size-large\"><img loading=\"lazy\" decoding=\"async\" width=\"1024\" height=\"683\" data-id=\"321\" src=\"https:\/\/www.hasev.org.tr\/wp-content\/uploads\/2024\/03\/WhatsApp-Image-2024-03-01-at-22.35.37-1024x683.jpeg\" alt=\"\" class=\"wp-image-321\" srcset=\"https:\/\/www.hasev.org.tr\/wp-content\/uploads\/2024\/03\/WhatsApp-Image-2024-03-01-at-22.35.37-1024x683.jpeg 1024w, https:\/\/www.hasev.org.tr\/wp-content\/uploads\/2024\/03\/WhatsApp-Image-2024-03-01-at-22.35.37-300x200.jpeg 300w, https:\/\/www.hasev.org.tr\/wp-content\/uploads\/2024\/03\/WhatsApp-Image-2024-03-01-at-22.35.37-768x512.jpeg 768w, https:\/\/www.hasev.org.tr\/wp-content\/uploads\/2024\/03\/WhatsApp-Image-2024-03-01-at-22.35.37.jpeg 1500w\" sizes=\"(max-width: 1024px) 100vw, 1024px\" \/><\/figure>\n\n\n\n<figure class=\"wp-block-image size-large\"><img loading=\"lazy\" decoding=\"async\" width=\"1024\" height=\"683\" data-id=\"320\" src=\"https:\/\/www.hasev.org.tr\/wp-content\/uploads\/2024\/03\/ekmek1-1024x683.jpg\" alt=\"\" class=\"wp-image-320\" srcset=\"https:\/\/www.hasev.org.tr\/wp-content\/uploads\/2024\/03\/ekmek1-1024x683.jpg 1024w, https:\/\/www.hasev.org.tr\/wp-content\/uploads\/2024\/03\/ekmek1-300x200.jpg 300w, https:\/\/www.hasev.org.tr\/wp-content\/uploads\/2024\/03\/ekmek1-768x512.jpg 768w, https:\/\/www.hasev.org.tr\/wp-content\/uploads\/2024\/03\/ekmek1.jpg 1500w\" sizes=\"(max-width: 1024px) 100vw, 1024px\" \/><\/figure>\n<\/figure>\n\n\n\n<div class=\"wp-block-media-text is-stacked-on-mobile\"><figure class=\"wp-block-media-text__media\"><video controls src=\"https:\/\/www.hasev.org.tr\/wp-content\/uploads\/2024\/10\/WhatsApp-Video-2024-10-01-at-06.04.13.mp4\"><\/video><\/figure><div class=\"wp-block-media-text__content\">\n<p>Gazze&#8217;ye yard\u0131mlar\u0131m\u0131z devam etti (Eyl\u00fcl 2024).<\/p>\n<\/div><\/div>\n\n\n\n<div class=\"wp-block-media-text is-stacked-on-mobile\"><figure class=\"wp-block-media-text__media\"><video controls src=\"https:\/\/www.hasev.org.tr\/wp-content\/uploads\/2024\/11\/WhatsApp-Video-2024-11-27-at-17.08.34.mp4\"><\/video><\/figure><div class=\"wp-block-media-text__content\">\n<p>G\u00fcnl\u00fck iki bin Gazzeli karde\u015fimize yemek da\u011f\u0131t\u0131m organizasyonunun 1. g\u00fcn\u00fc (Kas\u0131m 2024)<\/p>\n<\/div><\/div>\n\n\n\n<div class=\"wp-block-media-text is-stacked-on-mobile\"><figure class=\"wp-block-media-text__media\"><video controls src=\"https:\/\/www.hasev.org.tr\/wp-content\/uploads\/2024\/11\/WhatsApp-Video-2024-11-27-at-10.02.39.mp4\"><\/video><\/figure><div class=\"wp-block-media-text__content\">\n<p>G\u00fcnl\u00fck iki bin Gazzeli karde\u015fimize yemek da\u011f\u0131t\u0131m organizasyonunun 2. g\u00fcn\u00fc<\/p>\n<\/div><\/div>\n","protected":false},"excerpt":{"rendered":"<p>2024 Ocak ay\u0131nda Gazze\u2019ye yard\u0131m\u0131m\u0131z ula\u015ft\u0131 elhamd\u00fclillah. Suriye \u0130dlip b\u00f6lgesinde ekmek ve un olarak da\u011f\u0131t\u0131lmak \u00fczere 25 ton un b\u00f6lgeye g\u00f6nderildi. Gazze&#8217;ye yard\u0131mlar\u0131m\u0131z devam etti (Eyl\u00fcl 2024). G\u00fcnl\u00fck iki bin Gazzeli karde\u015fimize yemek da\u011f\u0131t\u0131m organizasyonunun 1. g\u00fcn\u00fc (Kas\u0131m 2024) G\u00fcnl\u00fck iki bin Gazzeli karde\u015fimize yemek da\u011f\u0131t\u0131m organizasyonunun 2. g\u00fcn\u00fc<\/p>\n","protected":false},"author":2,"featured_media":0,"parent":0,"menu_order":0,"comment_status":"closed","ping_status":"closed","template":"","meta":{"footnotes":""},"_links":{"self":[{"href":"https:\/\/www.hasev.org.tr\/index.php?rest_route=\/wp\/v2\/pages\/355"}],"collection":[{"href":"https:\/\/www.hasev.org.tr\/index.php?rest_route=\/wp\/v2\/pages"}],"about":[{"href":"https:\/\/www.hasev.org.tr\/index.php?rest_route=\/wp\/v2\/types\/page"}],"author":[{"embeddable":true,"href":"https:\/\/www.hasev.org.tr\/index.php?rest_route=\/wp\/v2\/users\/2"}],"replies":[{"embeddable":true,"href":"https:\/\/www.hasev.org.tr\/index.php?rest_route=%2Fwp%2Fv2%2Fcomments&post=355"}],"version-history":[{"count":3,"href":"https:\/\/www.hasev.org.tr\/index.php?rest_route=\/wp\/v2\/pages\/355\/revisions"}],"predecessor-version":[{"id":358,"href":"https:\/\/www.hasev.org.tr\/index.php?rest_route=\/wp\/v2\/pages\/355\/revisions\/358"}],"wp:attachment":[{"href":"https:\/\/www.hasev.org.tr\/index.php?rest_route=%2Fwp%2Fv2%2Fmedia&parent=355"}],"curies":[{"name":"wp","href":"https:\/\/api.w.org\/{rel}","templated":true}]}}