{"id":361,"date":"2026-01-12T22:07:20","date_gmt":"2026-01-12T22:07:20","guid":{"rendered":"https:\/\/www.hasev.org.tr\/?page_id=361"},"modified":"2026-01-12T22:07:21","modified_gmt":"2026-01-12T22:07:21","slug":"2025-yili-faaliyetlerimiz","status":"publish","type":"page","link":"https:\/\/www.hasev.org.tr\/?page_id=361","title":{"rendered":"2025 Y\u0131l\u0131 Faaliyetlerimiz"},"content":{"rendered":"\n<div class=\"wp-block-media-text alignwide is-stacked-on-mobile\"><figure class=\"wp-block-media-text__media\"><video controls src=\"https:\/\/www.hasev.org.tr\/wp-content\/uploads\/2025\/07\/gazze.mp4\"><\/video><\/figure><div class=\"wp-block-media-text__content\">\n<ul>\n<li>Gazze&#8217;de yemek da\u011f\u0131t\u0131mlar\u0131 ger\u00e7ekle\u015ftirdik. (Temmuz 2025)<\/li>\n<\/ul>\n<\/div><\/div>\n\n\n\n<div class=\"wp-block-media-text is-stacked-on-mobile\"><figure class=\"wp-block-media-text__media\"><video controls src=\"https:\/\/www.hasev.org.tr\/wp-content\/uploads\/2025\/09\/WhatsApp-Video-2025-09-02-at-20.57.381.mp4\"><\/video><\/figure><div class=\"wp-block-media-text__content\">\n<p>Gazze&#8217;de g\u00fcnl\u00fck 1000 ki\u015filik yemek da\u011f\u0131t\u0131mlar\u0131m\u0131z devam etti. (A\u011fustos 2025)<\/p>\n<\/div><\/div>\n\n\n\n<div class=\"wp-block-media-text is-stacked-on-mobile\"><figure class=\"wp-block-media-text__media\"><video controls src=\"https:\/\/www.hasev.org.tr\/wp-content\/uploads\/2025\/09\/WhatsApp-Video-2025-08-27-at-18.07.19.mp4\"><\/video><\/figure><div class=\"wp-block-media-text__content\">\n<p>Gazze\u2019de g\u00fcnl\u00fck 1000 ki\u015filik yemek da\u011f\u0131t\u0131mlar\u0131m\u0131z devam etti. (A\u011fustos 2025)<\/p>\n<\/div><\/div>\n\n\n\n<div class=\"wp-block-media-text is-stacked-on-mobile\"><figure class=\"wp-block-media-text__media\"><video controls src=\"https:\/\/www.hasev.org.tr\/wp-content\/uploads\/2025\/10\/WhatsApp-Video-2025-09-29-at-12.28.08.mp4\"><\/video><\/figure><div class=\"wp-block-media-text__content\">\n<p>Gazze&#8217;de g\u00fcnl\u00fck 1000 ki\u015filik yemek da\u011f\u0131t\u0131mlar\u0131m\u0131z devam etti. (Eyl\u00fcl 2025)<\/p>\n<\/div><\/div>\n","protected":false},"excerpt":{"rendered":"<p>Gazze&#8217;de g\u00fcnl\u00fck 1000 ki\u015filik yemek da\u011f\u0131t\u0131mlar\u0131m\u0131z devam etti. (A\u011fustos 2025) Gazze\u2019de g\u00fcnl\u00fck 1000 ki\u015filik yemek da\u011f\u0131t\u0131mlar\u0131m\u0131z devam etti. (A\u011fustos 2025) Gazze&#8217;de g\u00fcnl\u00fck 1000 ki\u015filik yemek da\u011f\u0131t\u0131mlar\u0131m\u0131z devam etti. (Eyl\u00fcl 2025)<\/p>\n","protected":false},"author":2,"featured_media":0,"parent":0,"menu_order":0,"comment_status":"closed","ping_status":"closed","template":"","meta":{"footnotes":""},"_links":{"self":[{"href":"https:\/\/www.hasev.org.tr\/index.php?rest_route=\/wp\/v2\/pages\/361"}],"collection":[{"href":"https:\/\/www.hasev.org.tr\/index.php?rest_route=\/wp\/v2\/pages"}],"about":[{"href":"https:\/\/www.hasev.org.tr\/index.php?rest_route=\/wp\/v2\/types\/page"}],"author":[{"embeddable":true,"href":"https:\/\/www.hasev.org.tr\/index.php?rest_route=\/wp\/v2\/users\/2"}],"replies":[{"embeddable":true,"href":"https:\/\/www.hasev.org.tr\/index.php?rest_route=%2Fwp%2Fv2%2Fcomments&post=361"}],"version-history":[{"count":1,"href":"https:\/\/www.hasev.org.tr\/index.php?rest_route=\/wp\/v2\/pages\/361\/revisions"}],"predecessor-version":[{"id":362,"href":"https:\/\/www.hasev.org.tr\/index.php?rest_route=\/wp\/v2\/pages\/361\/revisions\/362"}],"wp:attachment":[{"href":"https:\/\/www.hasev.org.tr\/index.php?rest_route=%2Fwp%2Fv2%2Fmedia&parent=361"}],"curies":[{"name":"wp","href":"https:\/\/api.w.org\/{rel}","templated":true}]}}